{"id":281711,"date":"2024-05-22T22:03:50","date_gmt":"2024-05-22T22:03:50","guid":{"rendered":"https:\/\/myestateinvest.com\/privacy-policy\/"},"modified":"2025-10-03T21:01:47","modified_gmt":"2025-10-03T21:01:47","slug":"privacy-policy","status":"publish","type":"page","link":"https:\/\/myestateinvest.com\/tr\/privacy-policy\/","title":{"rendered":"Gizlilik Politikas\u0131"},"content":{"rendered":"\t\t<div data-elementor-type=\"wp-page\" data-elementor-id=\"281711\" class=\"elementor elementor-281711 elementor-200313\" data-elementor-settings=\"{&quot;ha_cmc_init_switcher&quot;:&quot;no&quot;}\" data-elementor-post-type=\"page\">\n\t\t\t\t\t\t<section class=\"elementor-section elementor-top-section elementor-element elementor-element-5b81e21 elementor-section-height-min-height animated-slow elementor-section-boxed elementor-section-height-default elementor-section-items-middle elementor-invisible\" data-id=\"5b81e21\" data-element_type=\"section\" data-settings=\"{&quot;background_background&quot;:&quot;classic&quot;,&quot;animation&quot;:&quot;fadeIn&quot;,&quot;_ha_eqh_enable&quot;:false}\">\n\t\t\t\t\t\t\t<div class=\"elementor-background-overlay\"><\/div>\n\t\t\t\t\t\t\t<div class=\"elementor-container elementor-column-gap-default\">\n\t\t\t\t\t<div class=\"elementor-column elementor-col-100 elementor-top-column elementor-element elementor-element-ad367f8\" data-id=\"ad367f8\" data-element_type=\"column\">\n\t\t\t<div class=\"elementor-widget-wrap elementor-element-populated\">\n\t\t\t\t\t\t<div class=\"elementor-element elementor-element-0e7939f elementor-widget elementor-widget-heading\" data-id=\"0e7939f\" data-element_type=\"widget\" data-widget_type=\"heading.default\">\n\t\t\t\t<div class=\"elementor-widget-container\">\n\t\t\t\t\t<h1 class=\"elementor-heading-title elementor-size-default\">Gizlilik Politikas\u0131<\/h1>\t\t\t\t<\/div>\n\t\t\t\t<\/div>\n\t\t\t\t\t<\/div>\n\t\t<\/div>\n\t\t\t\t\t<\/div>\n\t\t<\/section>\n\t\t\t\t<section class=\"elementor-section elementor-inner-section elementor-element elementor-element-1191a5e1 elementor-section-content-middle elementor-section-boxed elementor-section-height-default elementor-section-height-default\" data-id=\"1191a5e1\" data-element_type=\"section\" data-settings=\"{&quot;background_background&quot;:&quot;classic&quot;,&quot;_ha_eqh_enable&quot;:false}\">\n\t\t\t\t\t\t<div class=\"elementor-container elementor-column-gap-default\">\n\t\t\t\t\t<div class=\"elementor-column elementor-col-100 elementor-inner-column elementor-element elementor-element-1e331ea0\" data-id=\"1e331ea0\" data-element_type=\"column\">\n\t\t\t<div class=\"elementor-widget-wrap elementor-element-populated\">\n\t\t\t\t\t\t<div class=\"elementor-element elementor-element-1e0b895e elementor-widget elementor-widget-heading\" data-id=\"1e0b895e\" data-element_type=\"widget\" data-widget_type=\"heading.default\">\n\t\t\t\t<div class=\"elementor-widget-container\">\n\t\t\t\t\t<h2 class=\"elementor-heading-title elementor-size-default\">Gizlilik Politikas\u0131<\/h2>\t\t\t\t<\/div>\n\t\t\t\t<\/div>\n\t\t\t\t<div class=\"elementor-element elementor-element-10608b elementor-widget-divider--view-line elementor-widget elementor-widget-divider\" data-id=\"10608b\" data-element_type=\"widget\" data-widget_type=\"divider.default\">\n\t\t\t\t<div class=\"elementor-widget-container\">\n\t\t\t\t\t\t\t<div class=\"elementor-divider\">\n\t\t\t<span class=\"elementor-divider-separator\">\n\t\t\t\t\t\t<\/span>\n\t\t<\/div>\n\t\t\t\t\t\t<\/div>\n\t\t\t\t<\/div>\n\t\t\t\t<div class=\"elementor-element elementor-element-25f3a323 elementor-widget elementor-widget-text-editor\" data-id=\"25f3a323\" data-element_type=\"widget\" data-widget_type=\"text-editor.default\">\n\t\t\t\t<div class=\"elementor-widget-container\">\n\t\t\t\t\t\t\t\t\t<p>Y\u00fcr\u00fcrl\u00fck Tarihi: 1 Aral\u0131k 2023<\/p><p>Gizlilik ve Ki\u015fisel Verilerin Korunmas\u0131 Politikas\u0131<\/p><p><strong>1. Genel H\u00fck\u00fcmler<\/strong><br>Bu gizlilik ve ki\u015fisel verilerin korunmas\u0131 politikas\u0131, ziyaret\u00e7ilerin ki\u015fisel verilerinin i\u015flenme d\u00fczenini ve ki\u015fisel verilerin g\u00fcvenli\u011fini sa\u011flama \u00f6nlemlerini belirler. \u0130\u015fletmecinin bu Gizlilik ve Ki\u015fisel Verilerin Korunmas\u0131 Politikas\u0131 (bundan sonra \u2013 Politika), \u0130\u015fletmecinin <a href=\"https:\/\/myestateinvest.com\/tr\/\">https:\/\/myestateinvest.com\/<\/a> web sitesi ziyaret\u00e7ileri hakk\u0131nda elde edebilece\u011fi t\u00fcm bilgiler i\u00e7in ge\u00e7erlidir.<\/p><p>Ki\u015fisel verilerinizin i\u015flenmesine ili\u015fkin tutumumuzu ve y\u00f6ntemlerimizi anlamak i\u00e7in l\u00fctfen bu h\u00fck\u00fcmleri dikkatlice okuyun. Sitemizi kullanarak, ki\u015fisel verilerinizin bu Gizlilik Politikas\u0131 h\u00fck\u00fcmlerine uygun olarak toplanmas\u0131n\u0131 ve i\u015flenmesini kabul etmi\u015f olursunuz. <\/p><p><strong>2. Politikada Kullan\u0131lan Temel Kavramlar<\/strong><br>2.1 Ki\u015fisel verilerin otomatik olarak i\u015flenmesi \u2013 ki\u015fisel verilerin bilgisayar teknolojisi ve ak\u0131ll\u0131 telefonlar yard\u0131m\u0131yla i\u015flenmesi;<\/p><p>2.2 Ki\u015fisel verilerin bloke edilmesi \u2013 ki\u015fisel verilerin i\u015flenmesinin ge\u00e7ici olarak durdurulmas\u0131 (ki\u015fisel verilerin g\u00fcncellenmesi i\u00e7in i\u015flemenin gerekli oldu\u011fu durumlar hari\u00e7);<\/p><p>2.3 Web sitesi \u2013 grafik ve bilgi materyallerinin yan\u0131 s\u0131ra, bunlar\u0131n internet a\u011f\u0131nda <a href=\"https:\/\/myestateinvest.com\/tr\/\">https:\/\/myestateinvest.com\/<\/a> a\u011f adresinde eri\u015filebilirli\u011fini sa\u011flayan bilgisayar programlar\u0131 ve veritabanlar\u0131n\u0131n bir b\u00fct\u00fcn\u00fc;<\/p><p>2.4 Ki\u015fisel veri bilgi sistemi \u2013 veritabanlar\u0131nda bulunan ki\u015fisel verilerin ve bunlar\u0131n i\u015flenmesini sa\u011flayan bilgi teknolojileri ve teknik ara\u00e7lar\u0131n (sunucular\u0131n) bir b\u00fct\u00fcn\u00fc;<\/p><p>2.5 Ki\u015fisel verilerin anonimle\u015ftirilmesi \u2013 ek bilgi kullan\u0131lmadan ki\u015fisel verilerin belirli bir Kullan\u0131c\u0131ya veya ba\u015fka bir ki\u015fisel veri sahibine ait oldu\u011funun belirlenmesinin imkans\u0131z oldu\u011fu eylemler;<\/p><p>2.6 Ki\u015fisel verilerin i\u015flenmesi, otomasyon ara\u00e7lar\u0131 kullan\u0131larak veya kullan\u0131lmadan ki\u015fisel verilere ili\u015fkin ger\u00e7ekle\u015ftirilen herhangi bir eylem veya eylemler b\u00fct\u00fcn\u00fcn\u00fc i\u00e7erir. Bu eylemler, ki\u015fisel verilerin toplanmas\u0131n\u0131, kaydedilmesini, sistemle\u015ftirilmesini, biriktirilmesini, saklanmas\u0131n\u0131, g\u00fcncellenmesini, de\u011fi\u015ftirilmesini, \u00e7\u0131kar\u0131lmas\u0131n\u0131, kullan\u0131lmas\u0131n\u0131, aktar\u0131lmas\u0131n\u0131, anonimle\u015ftirilmesini, bloke edilmesini ve silinmesini i\u00e7erir. <\/p><p>2.7 \u0130\u015fletmeci \u2013 ki\u015fisel verilerin i\u015flenmesini tek ba\u015f\u0131na veya ba\u015fkalar\u0131yla birlikte organize eden ve\/veya ger\u00e7ekle\u015ftiren, ayr\u0131ca ki\u015fisel verilerin i\u015flenme ama\u00e7lar\u0131n\u0131, i\u015flenecek ki\u015fisel verilerin bile\u015fimini ve ki\u015fisel verilerle ger\u00e7ekle\u015ftirilen i\u015flemleri belirleyen t\u00fczel veya ger\u00e7ek ki\u015fi;<\/p><p>2.8 Ki\u015fisel veriler \u2013 do\u011frudan veya dolayl\u0131 olarak <a href=\"https:\/\/myestateinvest.com\/tr\/\" target=\"_blank\" rel=\"noopener\">https:\/\/myestateinvest.com\/<\/a> web sitesinin belirli bir Kullan\u0131c\u0131s\u0131yla ilgili her t\u00fcrl\u00fc bilgi;<\/p><p>2.9 Kullan\u0131c\u0131 \u2013 <a href=\"https:\/\/myestateinvest.com\/tr\/\" target=\"_blank\" rel=\"noopener\">https:\/\/myestateinvest.com\/<\/a> web sitesinin herhangi bir ziyaret\u00e7isi;<\/p><p>2.10 Ki\u015fisel verilerin sa\u011flanmas\u0131 \u2013 ki\u015fisel verilerin belirli bir ki\u015fiye veya belirli bir ki\u015fi \u00e7evresine a\u00e7\u0131klanmas\u0131na y\u00f6nelik eylemler;<\/p><p>2.11 Ki\u015fisel verilerin yay\u0131lmas\u0131 \u2013 ki\u015fisel verilerin belirsiz bir ki\u015fi \u00e7evresine a\u00e7\u0131klanmas\u0131na veya ki\u015fisel verilere s\u0131n\u0131rs\u0131z bir ki\u015fi \u00e7evresinin eri\u015fimine sunulmas\u0131na y\u00f6nelik eylemleri i\u00e7erir. Bu eylemler, ki\u015fisel verilerin kitle ileti\u015fim ara\u00e7lar\u0131nda yay\u0131nlanmas\u0131n\u0131, internette yay\u0131nlanmas\u0131n\u0131 veya ki\u015fisel verilere ba\u015fka herhangi bir \u015fekilde eri\u015fim sa\u011flanmas\u0131n\u0131 i\u00e7erebilir. <\/p><p>2.12 Ki\u015fisel verilerin imha edilmesi \u2013 ki\u015fisel verilerin i\u00e7eri\u011finin geri getirilemeyecek \u015fekilde kal\u0131c\u0131 olarak imha edildi\u011fi her t\u00fcrl\u00fc eylem.<\/p><p>3. <strong>Bu Gizlilik Politikas\u0131 kapsam\u0131nda<\/strong> i\u015flenmesine izin verilen ki\u015fisel veriler, Kullan\u0131c\u0131 taraf\u0131ndan https:\/\/myestateinvest.com\/ Web Sitesindeki formlar\u0131n doldurulmas\u0131 yoluyla sa\u011flan\u0131r ve a\u015fa\u011f\u0131daki bilgileri i\u00e7erir:<\/p><p>3.1 Kullan\u0131c\u0131n\u0131n Ad\u0131 Soyad\u0131; <br>3.2. Kullan\u0131c\u0131n\u0131n \u0130leti\u015fim Telefonu; <br>3.3. E-posta <br>3.4 Kullan\u0131c\u0131 taraf\u0131ndan sa\u011flanan di\u011fer her t\u00fcrl\u00fc bilgi.  <\/p><p><strong>4. Ayr\u0131ca, sitede internet istatistik servisleri (Google Analytics ve di\u011ferleri) arac\u0131l\u0131\u011f\u0131yla ziyaret\u00e7iler hakk\u0131nda anonimle\u015ftirilmi\u015f verilerin (\u00e7erez dosyalar\u0131 dahil) toplanmas\u0131 ve i\u015flenmesi ger\u00e7ekle\u015fmektedir.<\/strong><br>4.1 \u00c7erezler (Cookie) \u2014 web sitelerini ziyaret etti\u011finizde cihaz\u0131n\u0131zda (bilgisayar, tablet, ak\u0131ll\u0131 telefon) saklanan k\u00fc\u00e7\u00fck metin dosyalar\u0131d\u0131r. \u00c7erezler, web sitelerinin ziyaretinizle ilgili tercihlerinizi ve ayarlar\u0131n\u0131z\u0131 hat\u0131rlamas\u0131na yard\u0131mc\u0131 olur. <\/p><p>4.2 A\u015fa\u011f\u0131daki \u00e7erez t\u00fcrlerini kullan\u0131yoruz:<\/p><p>4.2.1 Gerekli \u00e7erezler: Bu \u00e7erezler, sitemizin d\u00fczg\u00fcn \u00e7al\u0131\u015fmas\u0131 i\u00e7in gereklidir. Onlar olmadan site d\u00fczg\u00fcn \u00e7al\u0131\u015famaz. <\/p><p>4.2.2 Fonksiyonel \u00e7erezler: Bu \u00e7erezler, sitemizin se\u00e7imlerinizi (\u00f6rne\u011fin, dil veya b\u00f6lge) hat\u0131rlamas\u0131na ve geli\u015ftirilmi\u015f ve ki\u015fiselle\u015ftirilmi\u015f \u00f6zellikler sunmas\u0131na olanak tan\u0131r.<\/p><p>4.2.3 Analitik \u00e7erezler: Bu \u00e7erezler, ziyaret\u00e7ilerin sitemizi nas\u0131l kulland\u0131\u011f\u0131 hakk\u0131nda bilgi toplayarak performans\u0131n\u0131 art\u0131rmam\u0131z\u0131 sa\u011flar. Sitemizin kullan\u0131m\u0131n\u0131 analiz etmek ve izlemek i\u00e7in Google Analytics&#8217;i kullan\u0131yoruz. <\/p><p>4.2.4 Reklam \u00e7erezleri: Bu \u00e7erezler, ilgi alanlar\u0131n\u0131za g\u00f6re size uygun reklamlar\u0131 g\u00f6r\u00fcnt\u00fclemek ve ayn\u0131 reklam\u0131n g\u00f6sterim say\u0131s\u0131n\u0131 s\u0131n\u0131rlamak i\u00e7in kullan\u0131l\u0131r. Ayr\u0131ca reklam kampanyalar\u0131n\u0131n etkinli\u011fini \u00f6l\u00e7meye yard\u0131mc\u0131 olurlar. <\/p><p>4.3 \u00c7erezleri \u015fu ama\u00e7larla kullan\u0131yoruz: <br>4.3.1 Sitemizin d\u00fczg\u00fcn \u00e7al\u0131\u015fmas\u0131n\u0131 sa\u011flamak. <br>4.3.2 Tercihlerinizi ve ayarlar\u0131n\u0131z\u0131 hat\u0131rlamak. <br>4.3.3 Sitenin performans\u0131n\u0131 ve i\u015flevselli\u011fini geli\u015ftirmek.<br>4.3.4 Sitemizin kullan\u0131m\u0131n\u0131 analiz etmek ve izlemek. <br>4.3.5 Ki\u015fiselle\u015ftirilmi\u015f reklamlar sunmak. <br>4.4 \u00c7erezleri taray\u0131c\u0131n\u0131z\u0131n ayarlar\u0131 arac\u0131l\u0131\u011f\u0131yla y\u00f6netebilirsiniz. Taray\u0131c\u0131n\u0131z\u0131 \u00e7erezleri engelleyecek veya sizi uyaracak \u015fekilde ayarlayabilirsiniz. Ayr\u0131ca, \u00f6nceden y\u00fcklenmi\u015f \u00e7erezleri silebilirsiniz. \u00c7erezleri engellemenin veya silmenin sitemizin \u00e7al\u0131\u015fmas\u0131n\u0131 ve kullan\u0131c\u0131 deneyiminizi etkileyebilece\u011fini l\u00fctfen unutmay\u0131n. <br>4.5 Sizinle ilgili bilgileri, kendi gizlilik politikalar\u0131na uygun olarak \u00fc\u00e7\u00fcnc\u00fc taraf servislerden alabiliriz. Bu servisler \u015funlar\u0131 i\u00e7erir: Google Analytics, Google Tag Manager, Google Ads, Meta Ads Manager, Meta Events Manager.    <\/p><p><strong>5. Ki\u015fisel Verilerin \u0130\u015flenme Ama\u00e7lar\u0131<\/strong><br>5.1 Kullan\u0131c\u0131n\u0131n ki\u015fisel verilerinin i\u015flenme amac\u0131 \u2013 Kullan\u0131c\u0131ya web sitesinde yer alan servislere, bilgilere ve\/veya materyallere eri\u015fim sa\u011flamak, Kullan\u0131c\u0131 ile geri bildirimde bulunmak.<\/p><p>5.2 Kullan\u0131c\u0131 ile geri bildirim, Site&#8217;nin kullan\u0131m\u0131na ili\u015fkin bildirimlerin, taleplerin g\u00f6nderilmesini, hizmetlerin sunulmas\u0131n\u0131 ve ayr\u0131ca Kullan\u0131c\u0131dan gelen talep ve ba\u015fvurular\u0131n i\u015flenmesini i\u00e7erir. \u0130\u015fletmeci ayr\u0131ca yeni hizmetler, \u00f6zel teklifler ve \u00e7e\u015fitli etkinlikler hakk\u0131nda bildirimler g\u00f6nderebilir. Kullan\u0131c\u0131, info@myestateinvest.com e-posta adresine &#8220;Bildirimlerden vazge\u00e7me&#8221; notuyla bir mektup g\u00f6ndererek bu bildirimleri almaktan vazge\u00e7ebilir.  <\/p><p>5.3. \u0130nternet istatistik servisleri arac\u0131l\u0131\u011f\u0131yla toplanan Kullan\u0131c\u0131lar\u0131n anonimle\u015ftirilmi\u015f verileri, Kullan\u0131c\u0131lar\u0131n sitedeki eylemleri hakk\u0131nda bilgi toplamak, sitenin ve i\u00e7eri\u011finin kalitesini iyile\u015ftirmek i\u00e7in kullan\u0131l\u0131r.<\/p><p><strong>6. Ki\u015fisel Verilerin \u0130\u015flenmesinin Yasal Dayanaklar\u0131<\/strong><\/p><p>6.1. \u0130\u015fletmeci, Kullan\u0131c\u0131n\u0131n ki\u015fisel verilerini yaln\u0131zca Kullan\u0131c\u0131n\u0131n <a href=\"https:\/\/myestateinvest.com\/tr\/\" target=\"_blank\" rel=\"noopener\">https:\/\/myestateinvest.com<\/a> web sitesinde yer alan \u00f6zel geri bildirim formlar\u0131n\u0131, kay\u0131t s\u00fcrecini kendisi doldurmas\u0131 ve\/veya g\u00f6ndermesi durumunda i\u015fler. Belirtilen formlar\u0131 doldurarak ve\/veya ki\u015fisel verilerini \u0130\u015fletmeciye g\u00f6ndererek Kullan\u0131c\u0131, bu Politika ile r\u0131zas\u0131n\u0131 beyan etmi\u015f olur. <\/p><p>6.2. \u0130\u015fletmeci, Kullan\u0131c\u0131n\u0131n taray\u0131c\u0131 ayarlar\u0131nda izin verilmi\u015fse (\u00e7erez dosyalar\u0131n\u0131n kaydedilmesi ve JavaScript teknolojisinin kullan\u0131lmas\u0131 etkinse) Kullan\u0131c\u0131 hakk\u0131ndaki anonimle\u015ftirilmi\u015f verileri i\u015fler.<\/p><p><strong>7. Ki\u015fisel Verilerin Toplanma, Saklanma, Aktar\u0131lma ve Di\u011fer \u0130\u015flenme Y\u00f6ntemleri<\/strong><br>Kullan\u0131c\u0131n\u0131n ki\u015fisel verileri, ki\u015fisel veri bilgi sistemlerinde otomatik ve otomatik olmayan ara\u00e7lar kullan\u0131larak dahil olmak \u00fczere, yasal yollarla s\u00fcresiz olarak i\u015flenir.<\/p><p>7.1. \u0130\u015fletmeci, ki\u015fisel verilerin gizlili\u011fini garanti eder ve bunlara yetkisiz eri\u015fimi \u00f6nlemek i\u00e7in gerekli t\u00fcm \u00f6nlemleri al\u0131r.<\/p><p>7.2. Kullan\u0131c\u0131, Site Y\u00f6netiminin, Kullan\u0131c\u0131n\u0131n <a href=\"https:\/\/myestateinvest.com\/tr\/\" target=\"_blank\" rel=\"noopener\">https:\/\/myestateinvest.com\/<\/a> sitesinde yapt\u0131\u011f\u0131 talebi yerine getirmek amac\u0131yla ki\u015fisel verileri \u00fc\u00e7\u00fcnc\u00fc \u015fah\u0131slara aktarma hakk\u0131na sahip oldu\u011funu kabul eder.<\/p><p>7.3. Kullan\u0131c\u0131 ayr\u0131ca, Site Y\u00f6netiminin, reklam kampanyalar\u0131n\u0131 iyile\u015ftirmek ve optimize etmek amac\u0131yla \u0130\u015fletmeci ad\u0131na hizmet sa\u011flayan \u00fc\u00e7\u00fcnc\u00fc \u015fah\u0131slara (Google Ads dahil ancak bunlarla s\u0131n\u0131rl\u0131 olmamak \u00fczere) ki\u015fisel verileri aktarabilece\u011fini kabul eder. Veri aktar\u0131m\u0131, ki\u015fisel verilerin uygun d\u00fczeyde korunmas\u0131n\u0131 ve gizlili\u011fini sa\u011flayan Google Ads M\u00fc\u015fteri E\u015fle\u015ftirme politikas\u0131na ve kurallar\u0131na uygun olarak ger\u00e7ekle\u015ftirilecektir. <\/p><p>7.4 Site Y\u00f6netimi, Kullan\u0131c\u0131n\u0131n ki\u015fisel bilgilerini yasad\u0131\u015f\u0131 veya kazara eri\u015fime, imhaya, de\u011fi\u015fikli\u011fe, engellemeye, kopyalamaya, da\u011f\u0131tmaya ve di\u011fer yasad\u0131\u015f\u0131 eylemlere kar\u015f\u0131 korumak i\u00e7in gerekli organizasyonel ve teknik \u00f6nlemleri al\u0131r.<\/p><p>7.5. Ki\u015fisel verilerde yanl\u0131\u015fl\u0131klar tespit edilmesi durumunda, Kullan\u0131c\u0131, \u0130\u015fletmeciye info@myestateinvest.com e-posta adresine &#8220;Ki\u015fisel verilerin g\u00fcncellenmesi&#8221; notuyla bir bildirim g\u00f6ndererek bunlar\u0131 g\u00fcncelleyebilir.<\/p><p><strong>8. Son H\u00fck\u00fcmler<\/strong><br>8.1. Kullan\u0131c\u0131, ki\u015fisel verileriyle ilgili t\u00fcm konularda info@myestateinvest.com e-posta adresinden veya sitedeki ileti\u015fim formu arac\u0131l\u0131\u011f\u0131yla \u0130\u015fletmeciye ba\u015fvurarak a\u00e7\u0131klama alabilir. <\/p><p>8.2. \u0130\u015fletmeci taraf\u0131ndan Ki\u015fisel Verilerin \u0130\u015flenmesi Politikas\u0131&#8217;nda yap\u0131lan her t\u00fcrl\u00fc de\u011fi\u015fiklik bu sayfada g\u00f6r\u00fcnt\u00fclenecektir. Politika, yeni bir s\u00fcr\u00fcmle de\u011fi\u015ftirildi\u011finde y\u00fcr\u00fcrl\u00fckten kalkar. <\/p><p>8.3. Politikan\u0131n mevcut s\u00fcr\u00fcm\u00fc, internette \u015fu adreste serbest\u00e7e eri\u015filebilir durumdad\u0131r: <a href=\"https:\/\/myestateinvest.com\/tr\/privacy-policy\/\">https:\/\/myestateinvest.com\/tr\/privacy-policy<\/a><\/p>\t\t\t\t\t\t\t\t<\/div>\n\t\t\t\t<\/div>\n\t\t\t\t\t<\/div>\n\t\t<\/div>\n\t\t\t\t\t<\/div>\n\t\t<\/section>\n\t\t\t\t<\/div>\n\t\t","protected":false},"excerpt":{"rendered":"<p>Gizlilik Politikas\u0131 Gizlilik Politikas\u0131 Y\u00fcr\u00fcrl\u00fck Tarihi: 1 Aral\u0131k 2023 Gizlilik ve Ki\u015fisel Verilerin Korunmas\u0131 Politikas\u0131 1. Genel H\u00fck\u00fcmlerBu gizlilik ve ki\u015fisel verilerin korunmas\u0131 politikas\u0131, ziyaret\u00e7ilerin ki\u015fisel verilerinin i\u015flenme d\u00fczenini ve ki\u015fisel verilerin g\u00fcvenli\u011fini sa\u011flama \u00f6nlemlerini belirler. \u0130\u015fletmecinin bu Gizlilik ve Ki\u015fisel Verilerin Korunmas\u0131 Politikas\u0131 (bundan sonra \u2013 Politika), \u0130\u015fletmecinin https:\/\/myestateinvest.com\/ web sitesi ziyaret\u00e7ileri hakk\u0131nda elde [&hellip;]<\/p>\n","protected":false},"author":1,"featured_media":0,"parent":0,"menu_order":0,"comment_status":"closed","ping_status":"closed","template":"template\/template-homepage.php","meta":{"footnotes":""},"class_list":["post-281711","page","type-page","status-publish","hentry"],"_links":{"self":[{"href":"https:\/\/myestateinvest.com\/tr\/wp-json\/wp\/v2\/pages\/281711","targetHints":{"allow":["GET"]}}],"collection":[{"href":"https:\/\/myestateinvest.com\/tr\/wp-json\/wp\/v2\/pages"}],"about":[{"href":"https:\/\/myestateinvest.com\/tr\/wp-json\/wp\/v2\/types\/page"}],"author":[{"embeddable":true,"href":"https:\/\/myestateinvest.com\/tr\/wp-json\/wp\/v2\/users\/1"}],"replies":[{"embeddable":true,"href":"https:\/\/myestateinvest.com\/tr\/wp-json\/wp\/v2\/comments?post=281711"}],"version-history":[{"count":0,"href":"https:\/\/myestateinvest.com\/tr\/wp-json\/wp\/v2\/pages\/281711\/revisions"}],"wp:attachment":[{"href":"https:\/\/myestateinvest.com\/tr\/wp-json\/wp\/v2\/media?parent=281711"}],"curies":[{"name":"wp","href":"https:\/\/api.w.org\/{rel}","templated":true}]}}